{"id":103,"date":"2023-05-27T11:24:01","date_gmt":"2023-05-27T14:24:01","guid":{"rendered":"http:\/\/localhost\/listify\/?page_id=3"},"modified":"2024-04-10T07:28:31","modified_gmt":"2024-04-10T10:28:31","slug":"politica-de-privacidade-2","status":"publish","type":"page","link":"https:\/\/mercadodoentretenimento.com.br\/index.php\/politica-de-privacidade-2\/","title":{"rendered":"Pol\u00edtica de privacidade"},"content":{"rendered":"\t\t<div data-elementor-type=\"wp-page\" data-elementor-id=\"103\" class=\"elementor elementor-103\" data-elementor-post-type=\"page\">\n\t\t\t\t\t\t<section class=\"elementor-section elementor-top-section elementor-element elementor-element-16b8e4a6 elementor-section-boxed elementor-section-height-default elementor-section-height-default\" data-id=\"16b8e4a6\" data-element_type=\"section\">\n\t\t\t\t\t\t<div class=\"elementor-container elementor-column-gap-default\">\n\t\t\t\t\t<div class=\"elementor-column elementor-col-100 elementor-top-column elementor-element elementor-element-739ed677\" data-id=\"739ed677\" data-element_type=\"column\">\n\t\t\t<div class=\"elementor-widget-wrap elementor-element-populated\">\n\t\t\t\t\t\t<div class=\"elementor-element elementor-element-b034cbc elementor-widget elementor-widget-text-editor\" data-id=\"b034cbc\" data-element_type=\"widget\" data-widget_type=\"text-editor.default\">\n\t\t\t\t<div class=\"elementor-widget-container\">\n\t\t\t\t\t\t\t\t\t<h2>Pol\u00edtica de Privacidade<\/h2>\n<p>Esta Pol\u00edtica de Privacidade descreve como o Mercado do Entretenimento coleta, usa e protege as informa\u00e7\u00f5es pessoais que voc\u00ea fornece ao usar nosso site.<\/p>\n<h3>. Informa\u00e7\u00f5es Coletadas<\/h3>\n<p>Podemos coletar as seguintes informa\u00e7\u00f5es pessoais quando voc\u00ea se registra em nosso site, faz um pedido, se inscreve em nossa newsletter ou preenche um formul\u00e1rio: Nome Endere\u00e7o de e-mail Informa\u00e7\u00f5es de contato, incluindo n\u00famero de telefone Informa\u00e7\u00f5es demogr\u00e1ficas, como c\u00f3digo postal, prefer\u00eancias e interesses Outras informa\u00e7\u00f5es relevantes para pesquisas e\/ou ofertas de usu\u00e1rios <strong>2. Uso das Informa\u00e7\u00f5es Coletadas<\/strong> As informa\u00e7\u00f5es que coletamos s\u00e3o usadas para entender suas necessidades e fornecer um servi\u00e7o melhor, e em particular, para os seguintes fins: Manter registros internos. Melhorar nossos produtos e servi\u00e7os. Periodicamente enviar e-mails promocionais sobre novos produtos, ofertas especiais ou outras informa\u00e7\u00f5es que achamos que voc\u00ea pode achar interessante, usando o endere\u00e7o de e-mail fornecido. Personalizar o site de acordo com seus interesses.<\/p>\n<h3>3. Seguran\u00e7a<\/h3>\n<p>Estamos empenhados em garantir que suas informa\u00e7\u00f5es estejam seguras. Para evitar acesso n\u00e3o autorizado ou divulga\u00e7\u00e3o, implementamos procedimentos f\u00edsicos, eletr\u00f4nicos e administrativos adequados para proteger e garantir as informa\u00e7\u00f5es que coletamos online.<\/p>\n<h3>4. Controle de suas Informa\u00e7\u00f5es Pessoais<\/h3>\n<p>Voc\u00ea pode optar por restringir a coleta ou o uso de suas informa\u00e7\u00f5es pessoais das seguintes maneiras: Sempre que for solicitado a preencher um formul\u00e1rio no site, procure a caixa que voc\u00ea pode clicar para indicar que n\u00e3o deseja que as informa\u00e7\u00f5es sejam usadas por qualquer pessoa para fins de marketing direto. Se voc\u00ea concordou anteriormente em usar suas informa\u00e7\u00f5es pessoais para fins de marketing direto, pode mudar de ideia a qualquer momento, nos escrevendo ou nos enviando um e-mail. N\u00e3o venderemos, distribuiremos ou alugaremos suas informa\u00e7\u00f5es pessoais a terceiros, a menos que tenhamos sua permiss\u00e3o ou sejamos obrigados por lei a faz\u00ea-lo.<\/p>\n<h3>5. Links para Outros Sites<\/h3>\n<p>Nosso site pode conter links para outros sites de interesse. No entanto, uma vez que voc\u00ea usou esses links para sair de nosso site, observe que n\u00e3o temos mais controle sobre esse outro site. Portanto, n\u00e3o podemos ser respons\u00e1veis pela prote\u00e7\u00e3o e privacidade de qualquer informa\u00e7\u00e3o que voc\u00ea fornecer enquanto visita esses sites e tais sites n\u00e3o s\u00e3o regidos por esta declara\u00e7\u00e3o de privacidade. Voc\u00ea deve exercer cautela e verificar a declara\u00e7\u00e3o de privacidade aplic\u00e1vel ao site em quest\u00e3o. 6. Consentimento Ao utilizar nosso site, voc\u00ea consente com nossa pol\u00edtica de privacidade. Se voc\u00ea tiver d\u00favidas sobre esta pol\u00edtica de privacidade, entre em contato conosco.<\/p>\t\t\t\t\t\t\t\t<\/div>\n\t\t\t\t<\/div>\n\t\t\t\t\t<\/div>\n\t\t<\/div>\n\t\t\t\t\t<\/div>\n\t\t<\/section>\n\t\t\t\t<\/div>\n\t\t","protected":false},"excerpt":{"rendered":"<p>Pol\u00edtica de Privacidade Esta Pol\u00edtica de Privacidade descreve como o Mercado do Entretenimento coleta, usa e protege as informa\u00e7\u00f5es pessoais que voc\u00ea fornece ao usar nosso site. . Informa\u00e7\u00f5es Coletadas Podemos coletar as seguintes informa\u00e7\u00f5es pessoais quando voc\u00ea se registra em nosso site, faz um pedido, se inscreve em nossa newsletter ou preenche um formul\u00e1rio:&hellip;<\/p>\n","protected":false},"author":2,"featured_media":0,"parent":0,"menu_order":0,"comment_status":"closed","ping_status":"closed","template":"page-templates\/template-single-column.php","meta":{"footnotes":""},"class_list":["post-103","page","type-page","status-publish","hentry","content-box content-box-wrapper"],"_links":{"self":[{"href":"https:\/\/mercadodoentretenimento.com.br\/index.php\/wp-json\/wp\/v2\/pages\/103"}],"collection":[{"href":"https:\/\/mercadodoentretenimento.com.br\/index.php\/wp-json\/wp\/v2\/pages"}],"about":[{"href":"https:\/\/mercadodoentretenimento.com.br\/index.php\/wp-json\/wp\/v2\/types\/page"}],"author":[{"embeddable":true,"href":"https:\/\/mercadodoentretenimento.com.br\/index.php\/wp-json\/wp\/v2\/users\/2"}],"replies":[{"embeddable":true,"href":"https:\/\/mercadodoentretenimento.com.br\/index.php\/wp-json\/wp\/v2\/comments?post=103"}],"version-history":[{"count":13,"href":"https:\/\/mercadodoentretenimento.com.br\/index.php\/wp-json\/wp\/v2\/pages\/103\/revisions"}],"predecessor-version":[{"id":506,"href":"https:\/\/mercadodoentretenimento.com.br\/index.php\/wp-json\/wp\/v2\/pages\/103\/revisions\/506"}],"wp:attachment":[{"href":"https:\/\/mercadodoentretenimento.com.br\/index.php\/wp-json\/wp\/v2\/media?parent=103"}],"curies":[{"name":"wp","href":"https:\/\/api.w.org\/{rel}","templated":true}]}}