{"id":27,"date":"2023-05-29T07:11:02","date_gmt":"2023-05-29T10:11:02","guid":{"rendered":"http:\/\/localhost\/listify\/add-your-listing\/"},"modified":"2023-07-21T21:50:15","modified_gmt":"2023-07-22T00:50:15","slug":"add-your-listing","status":"publish","type":"page","link":"https:\/\/mercadodoentretenimento.com.br\/index.php\/add-your-listing\/","title":{"rendered":"Anuncie!"},"content":{"rendered":"\t\t<form method=\"post\" id=\"job_package_selection\">\n\t\t\t<div class=\"job_listing_packages_title\">\n\t\t\t\t<input type=\"submit\" name=\"continue\" class=\"button\" value=\"Enviar &rarr;\" \/>\n\t\t\t\t<input type=\"hidden\" name=\"job_id\" value=\"0\" \/>\n\t\t\t\t<input type=\"hidden\" name=\"step\" value=\"0\" \/>\n\t\t\t\t<input type=\"hidden\" name=\"job_manager_form\" value=\"submit-job\" \/>\n\t\t\t\t<h2>Escolha um pacote<\/h2>\n\t\t\t<\/div>\n\t\t\t<div class=\"job_listing_packages\">\n\t\t\t\t\r\n<ul class=\"job_packages\">\r\n\r\n\t\t\t<style>\r\n\t\t\t.job_listing_packages_title input[type=\"submit\"] {\r\n\t\t\t\tdisplay: none !important;\r\n\t\t\t}\r\n\t\t<\/style>\r\n\t\r\n<\/ul>\r\n\r\n\r\n\t<ul class=\"job-packages job-packages--inline job-packages--count-3\">\r\n\r\n\t\t\r\n\t\t\t<li class=\"job-package \">\r\n\r\n\t\t\t\t\r\n\t\t\t\t<div class=\"job-package-header \">\r\n\r\n\t\t\t\t\t<div class=\"job-package-title \">\r\n\t\t\t\t\t\tAn\u00fancio trimestral\t\t\t\t\t<\/div>\r\n\r\n\t\t\t\t\t<div class=\"job-package-price \">\r\n\t\t\t\t\t\t<del aria-hidden=\"true\"><span class=\"woocommerce-Price-amount amount\"><bdi><span class=\"woocommerce-Price-currencySymbol\">&#82;&#36;<\/span>250,00<\/bdi><\/span><\/del> <span class=\"screen-reader-text\">O pre\u00e7o original era: &#082;&#036;250,00.<\/span><ins aria-hidden=\"true\"><span class=\"woocommerce-Price-amount amount\"><bdi><span class=\"woocommerce-Price-currencySymbol\">&#82;&#36;<\/span>175,00<\/bdi><\/span><\/ins><span class=\"screen-reader-text\">O pre\u00e7o atual \u00e9: &#082;&#036;175,00.<\/span>\t\t\t\t\t<\/div>\r\n\r\n\t\t\t\t\t<div class=\"job-package-purchase \">\r\n\t\t\t\t\t\t<button class=\"button\" type=\"submit\" name=\"job_package\" value=\"202\">Compre agora &rarr;<\/button>\r\n\t\t\t\t\t<\/div>\r\n\t\t\t\t<\/div>\r\n\r\n\t\t\t\t<div class=\"job-package-includes \">\r\n\t\t\t\t\t\t\t\t\t\t<ul>\r\n\t\t\t\t\t\t<li>An\u00fancio\r<\/li><li>Disponibilidade de 90 dias\r<\/li><li>Cria\u00e7\u00e3o e manuten\u00e7\u00e3o dos dados do an\u00fancio por 90 dias\r<\/li><li>Suporte limitado\r<\/li><li>Aceitar avalia\u00e7\u00f5es<\/li>\r\n\t\t\t\t\t<\/ul>\r\n\t\t\t\t<\/div>\r\n\r\n\t\t\t\t<div class=\"job-package-purchase \">\r\n\t\t\t\t\t<button class=\"button\" type=\"submit\" name=\"job_package\" value=\"202\">Compre agora &rarr;<\/button>\r\n\t\t\t\t<\/div>\r\n\t\t\t<\/li>\r\n\r\n\t\t\r\n\t\t\t<li class=\"job-package \">\r\n\r\n\t\t\t\t\r\n\t\t\t\t<div class=\"job-package-header \">\r\n\r\n\t\t\t\t\t<div class=\"job-package-title \">\r\n\t\t\t\t\t\tAn\u00fancio semestral\t\t\t\t\t<\/div>\r\n\r\n\t\t\t\t\t<div class=\"job-package-price \">\r\n\t\t\t\t\t\t<del aria-hidden=\"true\"><span class=\"woocommerce-Price-amount amount\"><bdi><span class=\"woocommerce-Price-currencySymbol\">&#82;&#36;<\/span>482,50<\/bdi><\/span><\/del> <span class=\"screen-reader-text\">O pre\u00e7o original era: &#082;&#036;482,50.<\/span><ins aria-hidden=\"true\"><span class=\"woocommerce-Price-amount amount\"><bdi><span class=\"woocommerce-Price-currencySymbol\">&#82;&#36;<\/span>337,75<\/bdi><\/span><\/ins><span class=\"screen-reader-text\">O pre\u00e7o atual \u00e9: &#082;&#036;337,75.<\/span>\t\t\t\t\t<\/div>\r\n\r\n\t\t\t\t\t<div class=\"job-package-purchase \">\r\n\t\t\t\t\t\t<button class=\"button\" type=\"submit\" name=\"job_package\" value=\"203\">Compre agora &rarr;<\/button>\r\n\t\t\t\t\t<\/div>\r\n\t\t\t\t<\/div>\r\n\r\n\t\t\t\t<div class=\"job-package-includes \">\r\n\t\t\t\t\t\t\t\t\t\t<ul>\r\n\t\t\t\t\t\t<li>Envio de an\u00fancio b\u00e1sico\r<\/li><li>Disponibilidade de 180 dias\r<\/li><li>Cria\u00e7\u00e3o e manuten\u00e7\u00e3o durante os 180 dias\r<\/li><li>Edi\u00e7\u00e3o de seu an\u00fancios\r<\/li><li>Suporte limitado (180 dias)\r<\/li><li>Aceitar avalia\u00e7\u00f5es<\/li>\r\n\t\t\t\t\t<\/ul>\r\n\t\t\t\t<\/div>\r\n\r\n\t\t\t\t<div class=\"job-package-purchase \">\r\n\t\t\t\t\t<button class=\"button\" type=\"submit\" name=\"job_package\" value=\"203\">Compre agora &rarr;<\/button>\r\n\t\t\t\t<\/div>\r\n\t\t\t<\/li>\r\n\r\n\t\t\r\n\t\t\t<li class=\"job-package \">\r\n\r\n\t\t\t\t\r\n\t\t\t\t<div class=\"job-package-header \">\r\n\r\n\t\t\t\t\t<div class=\"job-package-title \">\r\n\t\t\t\t\t\tAn\u00fancio anual\t\t\t\t\t<\/div>\r\n\r\n\t\t\t\t\t<div class=\"job-package-price \">\r\n\t\t\t\t\t\t<span class=\"woocommerce-Price-amount amount\"><bdi><span class=\"woocommerce-Price-currencySymbol\">&#82;&#36;<\/span>565,00<\/bdi><\/span>\t\t\t\t\t<\/div>\r\n\r\n\t\t\t\t\t<div class=\"job-package-purchase \">\r\n\t\t\t\t\t\t<button class=\"button\" type=\"submit\" name=\"job_package\" value=\"221\">Compre agora &rarr;<\/button>\r\n\t\t\t\t\t<\/div>\r\n\t\t\t\t<\/div>\r\n\r\n\t\t\t\t<div class=\"job-package-includes \">\r\n\t\t\t\t\t\t\t\t\t\t<ul>\r\n\t\t\t\t\t\t<li>Envio de an\u00fancio b\u00e1sico\r<\/li><li>Disponibilidade de 365 dias\r<\/li><li>Cria\u00e7\u00e3o e manuten\u00e7\u00e3o durante os 365 dias\r<\/li><li>Edi\u00e7\u00e3o de seu an\u00fancio (365 dias)\r<\/li><li>Suporte limitado\r<\/li><li>Aceitar avalia\u00e7\u00f5es<\/li>\r\n\t\t\t\t\t<\/ul>\r\n\t\t\t\t<\/div>\r\n\r\n\t\t\t\t<div class=\"job-package-purchase \">\r\n\t\t\t\t\t<button class=\"button\" type=\"submit\" name=\"job_package\" value=\"221\">Compre agora &rarr;<\/button>\r\n\t\t\t\t<\/div>\r\n\t\t\t<\/li>\r\n\r\n\t\t\r\n\t<\/ul><!-- .job-packages -->\r\n\r\n\t\t\t<\/div>\n\t\t<\/form>\n\t\t\n","protected":false},"excerpt":{"rendered":"","protected":false},"author":1,"featured_media":28,"parent":0,"menu_order":0,"comment_status":"closed","ping_status":"closed","template":"page-templates\/template-single-column.php","meta":{"footnotes":""},"class_list":["post-27","page","type-page","status-publish","has-post-thumbnail","hentry","content-box content-box-wrapper"],"_links":{"self":[{"href":"https:\/\/mercadodoentretenimento.com.br\/index.php\/wp-json\/wp\/v2\/pages\/27"}],"collection":[{"href":"https:\/\/mercadodoentretenimento.com.br\/index.php\/wp-json\/wp\/v2\/pages"}],"about":[{"href":"https:\/\/mercadodoentretenimento.com.br\/index.php\/wp-json\/wp\/v2\/types\/page"}],"author":[{"embeddable":true,"href":"https:\/\/mercadodoentretenimento.com.br\/index.php\/wp-json\/wp\/v2\/users\/1"}],"replies":[{"embeddable":true,"href":"https:\/\/mercadodoentretenimento.com.br\/index.php\/wp-json\/wp\/v2\/comments?post=27"}],"version-history":[{"count":3,"href":"https:\/\/mercadodoentretenimento.com.br\/index.php\/wp-json\/wp\/v2\/pages\/27\/revisions"}],"predecessor-version":[{"id":208,"href":"https:\/\/mercadodoentretenimento.com.br\/index.php\/wp-json\/wp\/v2\/pages\/27\/revisions\/208"}],"wp:featuredmedia":[{"embeddable":true,"href":"https:\/\/mercadodoentretenimento.com.br\/index.php\/wp-json\/wp\/v2\/media\/28"}],"wp:attachment":[{"href":"https:\/\/mercadodoentretenimento.com.br\/index.php\/wp-json\/wp\/v2\/media?parent=27"}],"curies":[{"name":"wp","href":"https:\/\/api.w.org\/{rel}","templated":true}]}}