{"id":34,"date":"2023-05-29T07:11:12","date_gmt":"2023-05-29T07:11:12","guid":{"rendered":"http:\/\/localhost\/listify\/how-it-works\/"},"modified":"2024-04-10T10:43:09","modified_gmt":"2024-04-10T13:43:09","slug":"how-it-works","status":"publish","type":"page","link":"https:\/\/mercadodoentretenimento.com.br\/index.php\/how-it-works\/","title":{"rendered":"Como funciona o Mercado do Entretenimento"},"content":{"rendered":"\t\t<div data-elementor-type=\"wp-page\" data-elementor-id=\"34\" class=\"elementor elementor-34\" data-elementor-post-type=\"page\">\n\t\t\t\t\t\t<section class=\"elementor-section elementor-top-section elementor-element elementor-element-f62dc78 elementor-section-boxed elementor-section-height-default elementor-section-height-default\" data-id=\"f62dc78\" data-element_type=\"section\">\n\t\t\t\t\t\t<div class=\"elementor-container elementor-column-gap-default\">\n\t\t\t\t\t<div class=\"elementor-column elementor-col-100 elementor-top-column elementor-element elementor-element-5aec8fa\" data-id=\"5aec8fa\" data-element_type=\"column\">\n\t\t\t<div class=\"elementor-widget-wrap elementor-element-populated\">\n\t\t\t\t\t\t<div class=\"elementor-element elementor-element-69d68ec elementor-widget elementor-widget-heading\" data-id=\"69d68ec\" data-element_type=\"widget\" data-widget_type=\"heading.default\">\n\t\t\t\t<div class=\"elementor-widget-container\">\n\t\t\t\t\t<h2 class=\"elementor-heading-title elementor-size-default\">Mercado do Entretenimento<\/h2>\t\t\t\t<\/div>\n\t\t\t\t<\/div>\n\t\t\t\t<div class=\"elementor-element elementor-element-e0e01c1 elementor-widget elementor-widget-text-editor\" data-id=\"e0e01c1\" data-element_type=\"widget\" data-widget_type=\"text-editor.default\">\n\t\t\t\t<div class=\"elementor-widget-container\">\n\t\t\t\t\t\t\t\t\t<p>N\u00f3s, do projeto &#8220;Mercado do Entretenimento&#8221; da empresa M\u00fasica da Cidade, sob CNPJ 07.703.244\/0001-80, temos como miss\u00e3o vitalizar o cen\u00e1rio cultural e impulsionar talentos do entretenimento. Atrav\u00e9s deste site, buscamos captar recursos financeiros que ser\u00e3o revertidos em a\u00e7\u00f5es culturais de impacto, enquanto oferecemos uma plataforma para a divulga\u00e7\u00e3o de diversos profissionais do ramo para um p\u00fablico \u00e1vido por stalento do entretenimento, este \u00e9 o lugar ideal para promover seus servi\u00e7os e expandir sua visibilidade no mercado.<\/p>\t\t\t\t\t\t\t\t<\/div>\n\t\t\t\t<\/div>\n\t\t\t\t\t<\/div>\n\t\t<\/div>\n\t\t\t\t\t<\/div>\n\t\t<\/section>\n\t\t\t\t<section class=\"elementor-section elementor-top-section elementor-element elementor-element-2e68dec elementor-section-boxed elementor-section-height-default elementor-section-height-default\" data-id=\"2e68dec\" data-element_type=\"section\">\n\t\t\t\t\t\t<div class=\"elementor-container elementor-column-gap-default\">\n\t\t\t\t\t<div class=\"elementor-column elementor-col-100 elementor-top-column elementor-element elementor-element-5bb15c4\" data-id=\"5bb15c4\" data-element_type=\"column\">\n\t\t\t<div class=\"elementor-widget-wrap elementor-element-populated\">\n\t\t\t\t\t\t<div class=\"elementor-element elementor-element-3f122e7 elementor-widget elementor-widget-heading\" data-id=\"3f122e7\" data-element_type=\"widget\" data-widget_type=\"heading.default\">\n\t\t\t\t<div class=\"elementor-widget-container\">\n\t\t\t\t\t<h2 class=\"elementor-heading-title elementor-size-default\">1. Crie uma conta<\/h2>\t\t\t\t<\/div>\n\t\t\t\t<\/div>\n\t\t\t\t<div class=\"elementor-element elementor-element-83e5600 elementor-widget elementor-widget-image\" data-id=\"83e5600\" data-element_type=\"widget\" data-widget_type=\"image.default\">\n\t\t\t\t<div class=\"elementor-widget-container\">\n\t\t\t\t\t\t\t\t\t\t\t\t\t\t\t<img fetchpriority=\"high\" decoding=\"async\" width=\"750\" height=\"320\" src=\"https:\/\/mercadodoentretenimento.com.br\/wp-content\/uploads\/2024\/04\/criar-conta.webp\" class=\"attachment-large size-large wp-image-507\" alt=\"\" srcset=\"https:\/\/mercadodoentretenimento.com.br\/wp-content\/uploads\/2024\/04\/criar-conta.webp 898w, https:\/\/mercadodoentretenimento.com.br\/wp-content\/uploads\/2024\/04\/criar-conta-300x128.webp 300w, https:\/\/mercadodoentretenimento.com.br\/wp-content\/uploads\/2024\/04\/criar-conta-768x328.webp 768w, https:\/\/mercadodoentretenimento.com.br\/wp-content\/uploads\/2024\/04\/criar-conta-400x171.webp 400w\" sizes=\"(max-width: 750px) 100vw, 750px\" \/>\t\t\t\t\t\t\t\t\t\t\t\t\t\t\t<\/div>\n\t\t\t\t<\/div>\n\t\t\t\t<div class=\"elementor-element elementor-element-57ff157 elementor-widget elementor-widget-text-editor\" data-id=\"57ff157\" data-element_type=\"widget\" data-widget_type=\"text-editor.default\">\n\t\t\t\t<div class=\"elementor-widget-container\">\n\t\t\t\t\t\t\t\t\t<p>Desfrutar de todos os recursos do Mercado do Entretenimento \u00e9 mais f\u00e1cil do que nunca! Ao criar uma conta conosco, voc\u00ea se depara com um processo simples e amig\u00e1vel, gra\u00e7as ao nosso sistema de login social. Com ele, nossos anunciantes t\u00eam a comodidade de realizar seu cadastro utilizando as informa\u00e7\u00f5es j\u00e1 cadastradas em suas redes sociais preferidas. Em apenas alguns cliques, eles estar\u00e3o prontos para criar, avaliar e adicionar listagens aos favoritos, tudo em tempo recorde! Permita-nos simplificar sua experi\u00eancia e mergulhe no mundo do entretenimento sem complica\u00e7\u00f5es!<\/p>\t\t\t\t\t\t\t\t<\/div>\n\t\t\t\t<\/div>\n\t\t\t\t\t<\/div>\n\t\t<\/div>\n\t\t\t\t\t<\/div>\n\t\t<\/section>\n\t\t\t\t<section class=\"elementor-section elementor-top-section elementor-element elementor-element-de35fd2 elementor-section-boxed elementor-section-height-default elementor-section-height-default\" data-id=\"de35fd2\" data-element_type=\"section\">\n\t\t\t\t\t\t<div class=\"elementor-container elementor-column-gap-default\">\n\t\t\t\t\t<div class=\"elementor-column elementor-col-100 elementor-top-column elementor-element elementor-element-d67b57e\" data-id=\"d67b57e\" data-element_type=\"column\">\n\t\t\t<div class=\"elementor-widget-wrap elementor-element-populated\">\n\t\t\t\t\t\t<div class=\"elementor-element elementor-element-8985290 elementor-widget elementor-widget-heading\" data-id=\"8985290\" data-element_type=\"widget\" data-widget_type=\"heading.default\">\n\t\t\t\t<div class=\"elementor-widget-container\">\n\t\t\t\t\t<h2 class=\"elementor-heading-title elementor-size-default\">2. An\u00fancio<\/h2>\t\t\t\t<\/div>\n\t\t\t\t<\/div>\n\t\t\t\t<div class=\"elementor-element elementor-element-a7e189f elementor-widget elementor-widget-image\" data-id=\"a7e189f\" data-element_type=\"widget\" data-widget_type=\"image.default\">\n\t\t\t\t<div class=\"elementor-widget-container\">\n\t\t\t\t\t\t\t\t\t\t\t\t\t\t\t<img decoding=\"async\" width=\"750\" height=\"320\" src=\"https:\/\/mercadodoentretenimento.com.br\/wp-content\/uploads\/2024\/04\/preencher-anuncio.webp\" class=\"attachment-large size-large wp-image-524\" alt=\"\" srcset=\"https:\/\/mercadodoentretenimento.com.br\/wp-content\/uploads\/2024\/04\/preencher-anuncio.webp 898w, https:\/\/mercadodoentretenimento.com.br\/wp-content\/uploads\/2024\/04\/preencher-anuncio-300x128.webp 300w, https:\/\/mercadodoentretenimento.com.br\/wp-content\/uploads\/2024\/04\/preencher-anuncio-768x328.webp 768w, https:\/\/mercadodoentretenimento.com.br\/wp-content\/uploads\/2024\/04\/preencher-anuncio-400x171.webp 400w\" sizes=\"(max-width: 750px) 100vw, 750px\" \/>\t\t\t\t\t\t\t\t\t\t\t\t\t\t\t<\/div>\n\t\t\t\t<\/div>\n\t\t\t\t<div class=\"elementor-element elementor-element-ca8063c elementor-widget elementor-widget-text-editor\" data-id=\"ca8063c\" data-element_type=\"widget\" data-widget_type=\"text-editor.default\">\n\t\t\t\t<div class=\"elementor-widget-container\">\n\t\t\t\t\t\t\t\t\tPreencha o formul\u00e1rio de an\u00fancio do Mercado do Entretenimento. \u00c9 super simples: insira todos os dados corretamente, campo a campo. Na estrutura dos campos, ser\u00e1 apresentado um exemplo para que voc\u00ea insira os dados conforme solicitado. Ap\u00f3s preencher completamente o formul\u00e1rio, pressione o bot\u00e3o ENVIAR e voc\u00ea ser\u00e1 redirecionado para o m\u00f3dulo de pagamento.\t\t\t\t\t\t\t\t<\/div>\n\t\t\t\t<\/div>\n\t\t\t\t\t<\/div>\n\t\t<\/div>\n\t\t\t\t\t<\/div>\n\t\t<\/section>\n\t\t\t\t<section class=\"elementor-section elementor-top-section elementor-element elementor-element-5a7619b elementor-section-boxed elementor-section-height-default elementor-section-height-default\" data-id=\"5a7619b\" data-element_type=\"section\">\n\t\t\t\t\t\t<div class=\"elementor-container elementor-column-gap-default\">\n\t\t\t\t\t<div class=\"elementor-column elementor-col-100 elementor-top-column elementor-element elementor-element-04806e4\" data-id=\"04806e4\" data-element_type=\"column\">\n\t\t\t<div class=\"elementor-widget-wrap elementor-element-populated\">\n\t\t\t\t\t\t<div class=\"elementor-element elementor-element-9ebfc58 elementor-widget elementor-widget-heading\" data-id=\"9ebfc58\" data-element_type=\"widget\" data-widget_type=\"heading.default\">\n\t\t\t\t<div class=\"elementor-widget-container\">\n\t\t\t\t\t<h2 class=\"elementor-heading-title elementor-size-default\">3. Pagamento<\/h2>\t\t\t\t<\/div>\n\t\t\t\t<\/div>\n\t\t\t\t<div class=\"elementor-element elementor-element-9ce9d20 elementor-widget elementor-widget-image\" data-id=\"9ce9d20\" data-element_type=\"widget\" data-widget_type=\"image.default\">\n\t\t\t\t<div class=\"elementor-widget-container\">\n\t\t\t\t\t\t\t\t\t\t\t\t\t\t\t<img decoding=\"async\" width=\"750\" height=\"320\" src=\"https:\/\/mercadodoentretenimento.com.br\/wp-content\/uploads\/2024\/04\/pagamento-anuncio.png\" class=\"attachment-large size-large wp-image-528\" alt=\"\" srcset=\"https:\/\/mercadodoentretenimento.com.br\/wp-content\/uploads\/2024\/04\/pagamento-anuncio.png 898w, https:\/\/mercadodoentretenimento.com.br\/wp-content\/uploads\/2024\/04\/pagamento-anuncio-300x128.png 300w, https:\/\/mercadodoentretenimento.com.br\/wp-content\/uploads\/2024\/04\/pagamento-anuncio-768x328.png 768w, https:\/\/mercadodoentretenimento.com.br\/wp-content\/uploads\/2024\/04\/pagamento-anuncio-400x171.png 400w\" sizes=\"(max-width: 750px) 100vw, 750px\" \/>\t\t\t\t\t\t\t\t\t\t\t\t\t\t\t<\/div>\n\t\t\t\t<\/div>\n\t\t\t\t<div class=\"elementor-element elementor-element-bc89257 elementor-widget elementor-widget-text-editor\" data-id=\"bc89257\" data-element_type=\"widget\" data-widget_type=\"text-editor.default\">\n\t\t\t\t<div class=\"elementor-widget-container\">\n\t\t\t\t\t\t\t\t\tPreencha o formul\u00e1rio de an\u00fancio do Mercado do Entretenimento. \u00c9 super simples: insira todos os dados corretamente, campo a campo. Na estrutura dos campos, ser\u00e1 apresentado um exemplo para que voc\u00ea insira os dados conforme solicitado. Ap\u00f3s preencher completamente o formul\u00e1rio, pressione o bot\u00e3o ENVIAR e voc\u00ea ser\u00e1 redirecionado para o m\u00f3dulo de pagamento.\t\t\t\t\t\t\t\t<\/div>\n\t\t\t\t<\/div>\n\t\t\t\t\t<\/div>\n\t\t<\/div>\n\t\t\t\t\t<\/div>\n\t\t<\/section>\n\t\t\t\t<\/div>\n\t\t","protected":false},"excerpt":{"rendered":"<p>Mercado do Entretenimento N\u00f3s, do projeto &#8220;Mercado do Entretenimento&#8221; da empresa M\u00fasica da Cidade, sob CNPJ 07.703.244\/0001-80, temos como miss\u00e3o vitalizar o cen\u00e1rio cultural e impulsionar talentos do entretenimento. Atrav\u00e9s deste site, buscamos captar recursos financeiros que ser\u00e3o revertidos em a\u00e7\u00f5es culturais de impacto, enquanto oferecemos uma plataforma para a divulga\u00e7\u00e3o de diversos profissionais do&hellip;<\/p>\n","protected":false},"author":2,"featured_media":39,"parent":0,"menu_order":0,"comment_status":"closed","ping_status":"closed","template":"page-templates\/template-single-column.php","meta":{"footnotes":""},"class_list":["post-34","page","type-page","status-publish","has-post-thumbnail","hentry","content-box content-box-wrapper"],"_links":{"self":[{"href":"https:\/\/mercadodoentretenimento.com.br\/index.php\/wp-json\/wp\/v2\/pages\/34"}],"collection":[{"href":"https:\/\/mercadodoentretenimento.com.br\/index.php\/wp-json\/wp\/v2\/pages"}],"about":[{"href":"https:\/\/mercadodoentretenimento.com.br\/index.php\/wp-json\/wp\/v2\/types\/page"}],"author":[{"embeddable":true,"href":"https:\/\/mercadodoentretenimento.com.br\/index.php\/wp-json\/wp\/v2\/users\/2"}],"replies":[{"embeddable":true,"href":"https:\/\/mercadodoentretenimento.com.br\/index.php\/wp-json\/wp\/v2\/comments?post=34"}],"version-history":[{"count":43,"href":"https:\/\/mercadodoentretenimento.com.br\/index.php\/wp-json\/wp\/v2\/pages\/34\/revisions"}],"predecessor-version":[{"id":531,"href":"https:\/\/mercadodoentretenimento.com.br\/index.php\/wp-json\/wp\/v2\/pages\/34\/revisions\/531"}],"wp:featuredmedia":[{"embeddable":true,"href":"https:\/\/mercadodoentretenimento.com.br\/index.php\/wp-json\/wp\/v2\/media\/39"}],"wp:attachment":[{"href":"https:\/\/mercadodoentretenimento.com.br\/index.php\/wp-json\/wp\/v2\/media?parent=34"}],"curies":[{"name":"wp","href":"https:\/\/api.w.org\/{rel}","templated":true}]}}