{"id":41,"date":"2023-05-29T07:11:17","date_gmt":"2023-05-29T10:11:17","guid":{"rendered":"http:\/\/localhost\/listify\/tos\/"},"modified":"2024-04-10T06:02:26","modified_gmt":"2024-04-10T09:02:26","slug":"termo-de-servico","status":"publish","type":"page","link":"https:\/\/mercadodoentretenimento.com.br\/index.php\/termo-de-servico\/","title":{"rendered":"Termo de Servi\u00e7o"},"content":{"rendered":"\t\t<div data-elementor-type=\"wp-page\" data-elementor-id=\"41\" class=\"elementor elementor-41\" data-elementor-post-type=\"page\">\n\t\t\t\t\t\t<section class=\"elementor-section elementor-top-section elementor-element elementor-element-78d707de elementor-section-boxed elementor-section-height-default elementor-section-height-default\" data-id=\"78d707de\" data-element_type=\"section\">\n\t\t\t\t\t\t<div class=\"elementor-container elementor-column-gap-default\">\n\t\t\t\t\t<div class=\"elementor-column elementor-col-100 elementor-top-column elementor-element elementor-element-cc328a8\" data-id=\"cc328a8\" data-element_type=\"column\">\n\t\t\t<div class=\"elementor-widget-wrap elementor-element-populated\">\n\t\t\t\t\t\t<div class=\"elementor-element elementor-element-62c1d904 elementor-widget elementor-widget-text-editor\" data-id=\"62c1d904\" data-element_type=\"widget\" data-widget_type=\"text-editor.default\">\n\t\t\t\t<div class=\"elementor-widget-container\">\n\t\t\t\t\t\t\t\t\t<h2>Termos de Servi\u00e7o<\/h2>\n\nEstes Termos de Servi\u00e7o regem o uso do site Mercado do Entretenimento. Ao acessar ou usar nosso site, voc\u00ea concorda com estes termos na \u00edntegra. Se voc\u00ea n\u00e3o concorda com qualquer parte destes termos, n\u00e3o utilize nosso site.\n\n<h3>1. Uso do Site<\/h3>\n\nVoc\u00ea deve ter pelo menos 18 anos de idade para usar este site.\nVoc\u00ea \u00e9 respons\u00e1vel por garantir que todas as informa\u00e7\u00f5es fornecidas durante o uso do site sejam precisas e atualizadas.\nVoc\u00ea concorda em usar o site apenas para fins legais e \u00e9ticos.\n\n<h3>2. Conte\u00fado do Usu\u00e1rio<\/h3>\n\nAo enviar conte\u00fado para o site, voc\u00ea concede ao Mercado do Entretenimento uma licen\u00e7a mundial, n\u00e3o exclusiva, transfer\u00edvel, sublicenci\u00e1vel, gratuita para usar, reproduzir, modificar, adaptar, publicar, traduzir, criar trabalhos derivados, distribuir e exibir esse conte\u00fado.\nVoc\u00ea \u00e9 o \u00fanico respons\u00e1vel por todo o conte\u00fado que enviar para o site e concorda em n\u00e3o enviar conte\u00fado que seja difamat\u00f3rio, obsceno, ilegal ou de outra forma censur\u00e1vel.\n\n<h3>3. Responsabilidade<\/h3>\n\nO Mercado do Entretenimento n\u00e3o se responsabiliza por quaisquer danos diretos, indiretos, incidentais, especiais, consequentes ou punitivos resultantes do uso ou incapacidade de usar o site.\nO Mercado do Entretenimento n\u00e3o se responsabiliza por qualquer conte\u00fado enviado por usu\u00e1rios do site.\n\n<h3>4. Altera\u00e7\u00f5es nos Termos de Servi\u00e7o<\/h3>\n\nO Mercado do Entretenimento reserva-se o direito de modificar estes Termos de Servi\u00e7o a qualquer momento, e tais modifica\u00e7\u00f5es entrar\u00e3o em vigor imediatamente ap\u00f3s serem publicadas no site.\n\u00c9 sua responsabilidade verificar periodicamente os Termos de Servi\u00e7o para ficar ciente de quaisquer altera\u00e7\u00f5es.\nAo utilizar o site Mercado do Entretenimento, voc\u00ea concorda em cumprir estes Termos de Servi\u00e7o. Se voc\u00ea n\u00e3o concorda com estes termos, por favor, n\u00e3o use nosso site. Se voc\u00ea tiver alguma d\u00favida sobre estes Termos de Servi\u00e7o, entre em contato conosco.\t\t\t\t\t\t\t\t<\/div>\n\t\t\t\t<\/div>\n\t\t\t\t\t<\/div>\n\t\t<\/div>\n\t\t\t\t\t<\/div>\n\t\t<\/section>\n\t\t\t\t<\/div>\n\t\t","protected":false},"excerpt":{"rendered":"<p>Termos de Servi\u00e7o Estes Termos de Servi\u00e7o regem o uso do site Mercado do Entretenimento. Ao acessar ou usar nosso site, voc\u00ea concorda com estes termos na \u00edntegra. Se voc\u00ea n\u00e3o concorda com qualquer parte destes termos, n\u00e3o utilize nosso site. 1. Uso do Site Voc\u00ea deve ter pelo menos 18 anos de idade para&hellip;<\/p>\n","protected":false},"author":2,"featured_media":0,"parent":0,"menu_order":0,"comment_status":"closed","ping_status":"closed","template":"page-templates\/template-single-column.php","meta":{"footnotes":""},"class_list":["post-41","page","type-page","status-publish","hentry","content-box content-box-wrapper"],"_links":{"self":[{"href":"https:\/\/mercadodoentretenimento.com.br\/index.php\/wp-json\/wp\/v2\/pages\/41"}],"collection":[{"href":"https:\/\/mercadodoentretenimento.com.br\/index.php\/wp-json\/wp\/v2\/pages"}],"about":[{"href":"https:\/\/mercadodoentretenimento.com.br\/index.php\/wp-json\/wp\/v2\/types\/page"}],"author":[{"embeddable":true,"href":"https:\/\/mercadodoentretenimento.com.br\/index.php\/wp-json\/wp\/v2\/users\/2"}],"replies":[{"embeddable":true,"href":"https:\/\/mercadodoentretenimento.com.br\/index.php\/wp-json\/wp\/v2\/comments?post=41"}],"version-history":[{"count":4,"href":"https:\/\/mercadodoentretenimento.com.br\/index.php\/wp-json\/wp\/v2\/pages\/41\/revisions"}],"predecessor-version":[{"id":502,"href":"https:\/\/mercadodoentretenimento.com.br\/index.php\/wp-json\/wp\/v2\/pages\/41\/revisions\/502"}],"wp:attachment":[{"href":"https:\/\/mercadodoentretenimento.com.br\/index.php\/wp-json\/wp\/v2\/media?parent=41"}],"curies":[{"name":"wp","href":"https:\/\/api.w.org\/{rel}","templated":true}]}}